{"id":1850,"date":"2024-05-12T18:22:51","date_gmt":"2024-05-12T18:22:51","guid":{"rendered":"https:\/\/kovirigo.hu\/blog\/"},"modified":"2025-02-07T11:36:03","modified_gmt":"2025-02-07T11:36:03","slug":"blog","status":"publish","type":"page","link":"https:\/\/kovirigo.hu\/en\/blog\/","title":{"rendered":"Blog"},"content":{"rendered":"<p>[et_pb_section fb_built=&#8221;1&#8243; admin_label=&#8221;Hero Section&#8221; _builder_version=&#8221;4.25.1&#8243; background_image=&#8221;https:\/\/kovirigo.hu\/wp-content\/uploads\/2024\/05\/ress-attila-scaled.jpg&#8221; custom_margin=&#8221;|||&#8221; custom_padding=&#8221;140px|0px|140px|0px|false|false&#8221; global_colors_info=&#8221;{}&#8221;][et_pb_row custom_padding_last_edited=&#8221;off|desktop&#8221; admin_label=&#8221;Hero Area&#8221; _builder_version=&#8221;4.16&#8243; custom_padding=&#8221;27px|0px|0px|0px&#8221; global_colors_info=&#8221;{}&#8221;][et_pb_column type=&#8221;4_4&#8243; _builder_version=&#8221;4.16&#8243; custom_padding=&#8221;|||&#8221; global_colors_info=&#8221;{}&#8221; custom_padding__hover=&#8221;|||&#8221;][et_pb_text admin_label=&#8221;Hero Title&#8221; _builder_version=&#8221;4.27.4&#8243; text_font=&#8221;Playfair Display||||||||&#8221; header_font=&#8221;||||||||&#8221; header_font_size=&#8221;60px&#8221; header_letter_spacing=&#8221;-3px&#8221; header_line_height=&#8221;1.1em&#8221; custom_margin=&#8221;||0px|&#8221; custom_padding=&#8221;|||&#8221; animation_direction=&#8221;left&#8221; hover_enabled=&#8221;0&#8243; text_font_size_last_edited=&#8221;off|desktop&#8221; header_font_size_tablet=&#8221;&#8221; header_font_size_phone=&#8221;40px&#8221; header_font_size_last_edited=&#8221;on|phone&#8221; global_colors_info=&#8221;{}&#8221; sticky_enabled=&#8221;0&#8243;]<\/p>\n<h1>BLOG<\/h1>\n<p>[\/et_pb_text][\/et_pb_column][\/et_pb_row][\/et_pb_section][et_pb_section fb_built=&#8221;1&#8243; admin_label=&#8221;Blog Section&#8221; _builder_version=&#8221;4.25.2&#8243; custom_padding=&#8221;110px||110px|&#8221; global_colors_info=&#8221;{}&#8221;][et_pb_row module_id=&#8221;et_blog_grid_equal_height&#8221; module_class=&#8221;et_blog_grid_equal_height&#8221; _builder_version=&#8221;4.25.1&#8243; global_colors_info=&#8221;{}&#8221;][et_pb_column type=&#8221;4_4&#8243; _builder_version=&#8221;4.16&#8243; custom_padding=&#8221;|||&#8221; global_colors_info=&#8221;{}&#8221; custom_padding__hover=&#8221;|||&#8221;][et_pb_blog fullwidth=&#8221;off&#8221; include_categories=&#8221;29&#8243; show_categories=&#8221;off&#8221; masonry_tile_background_color=&#8221;rgba(220,225,211,0.18)&#8221; _builder_version=&#8221;4.25.1&#8243; header_font=&#8221;|700|||||||&#8221; body_font=&#8221;||||||||&#8221; body_font_size=&#8221;16px&#8221; body_line_height=&#8221;1.8em&#8221; meta_font=&#8221;||||||||&#8221; meta_text_color=&#8221;rgba(0,0,0,0.23)&#8221; background_enable_color=&#8221;off&#8221; border_width_all=&#8221;0px&#8221; global_colors_info=&#8221;{}&#8221;][\/et_pb_blog][\/et_pb_column][\/et_pb_row][\/et_pb_section][et_pb_section fb_built=&#8221;1&#8243; admin_label=&#8221;Email Subscribe Section&#8221; _builder_version=&#8221;4.25.1&#8243; background_enable_color=&#8221;off&#8221; background_image=&#8221;https:\/\/kovirigo.hu\/wp-content\/uploads\/2024\/05\/KOVIRIGO_020-scaled.jpg&#8221; custom_padding=&#8221;7%|0px|7%|0px&#8221; global_colors_info=&#8221;{}&#8221;][et_pb_row column_structure=&#8221;1_2,1_2&#8243; admin_label=&#8221;HRow&#8221; _builder_version=&#8221;4.16&#8243; custom_width_px=&#8221;1440px&#8221; global_colors_info=&#8221;{}&#8221;][et_pb_column type=&#8221;1_2&#8243; _builder_version=&#8221;4.16&#8243; custom_padding=&#8221;|||&#8221; global_colors_info=&#8221;{}&#8221; custom_padding__hover=&#8221;|||&#8221;][et_pb_signup provider=&#8221;mailerlite&#8221; mailerlite_list=&#8221;K\u00f6virig\u00f3 Csal\u00e1di Birtok Kft|125314801969661539&#8243; name_field=&#8221;on&#8221; success_message=&#8221;Thank you! You have successfully subscribed to our newsletter.&#8221; title=&#8221;Subscribe to our newsletter!&#8221; use_spam_service=&#8221;on&#8221; _builder_version=&#8221;4.27.4&#8243; header_font=&#8221;|||||on|||&#8221; header_font_size=&#8221;48px&#8221; background_color=&#8221;rgba(247,247,247,0.88)&#8221; custom_button=&#8221;on&#8221; button_text_size=&#8221;14px&#8221; button_text_color=&#8221;#FFFFFF&#8221; button_bg_color=&#8221;#af886d&#8221; button_border_width=&#8221;12px&#8221; button_border_color=&#8221;#af886d&#8221; button_letter_spacing=&#8221;2px&#8221; button_font=&#8221;|700||on|||||&#8221; button_use_icon=&#8221;off&#8221; background_layout=&#8221;light&#8221; custom_padding=&#8221;40px|40px|40px|40px&#8221; header_font_size_tablet=&#8221;48px&#8221; header_font_size_phone=&#8221;30px&#8221; header_font_size_last_edited=&#8221;on|phone&#8221; button_letter_spacing_hover=&#8221;2px&#8221; global_colors_info=&#8221;{}&#8221; button_text_size__hover_enabled=&#8221;off&#8221; button_one_text_size__hover_enabled=&#8221;off&#8221; button_two_text_size__hover_enabled=&#8221;off&#8221; button_text_color__hover_enabled=&#8221;off&#8221; button_one_text_color__hover_enabled=&#8221;off&#8221; button_two_text_color__hover_enabled=&#8221;off&#8221; button_border_width__hover_enabled=&#8221;off&#8221; button_one_border_width__hover_enabled=&#8221;off&#8221; button_two_border_width__hover_enabled=&#8221;off&#8221; button_border_color__hover_enabled=&#8221;off&#8221; button_one_border_color__hover_enabled=&#8221;off&#8221; button_two_border_color__hover_enabled=&#8221;off&#8221; button_border_radius__hover_enabled=&#8221;off&#8221; button_one_border_radius__hover_enabled=&#8221;off&#8221; button_two_border_radius__hover_enabled=&#8221;off&#8221; button_letter_spacing__hover_enabled=&#8221;on&#8221; button_letter_spacing__hover=&#8221;2px&#8221; button_one_letter_spacing__hover_enabled=&#8221;off&#8221; button_two_letter_spacing__hover_enabled=&#8221;off&#8221; button_bg_color__hover_enabled=&#8221;off&#8221; button_one_bg_color__hover_enabled=&#8221;off&#8221; button_two_bg_color__hover_enabled=&#8221;off&#8221;][\/et_pb_signup][\/et_pb_column][et_pb_column type=&#8221;1_2&#8243; _builder_version=&#8221;4.16&#8243; custom_padding=&#8221;|||&#8221; global_colors_info=&#8221;{}&#8221; custom_padding__hover=&#8221;|||&#8221;][\/et_pb_column][\/et_pb_row][\/et_pb_section]<\/p>\n","protected":false},"excerpt":{"rendered":"<p>BLOG<\/p>\n","protected":false},"author":1,"featured_media":1401,"parent":0,"menu_order":0,"comment_status":"closed","ping_status":"closed","template":"","meta":{"_et_pb_use_builder":"on","_et_pb_old_content":"","_et_gb_content_width":"","footnotes":""},"class_list":["post-1850","page","type-page","status-publish","has-post-thumbnail","hentry"],"yoast_head":"<!-- This site is optimized with the Yoast SEO Premium plugin v26.2 (Yoast SEO v27.0) - https:\/\/yoast.com\/product\/yoast-seo-premium-wordpress\/ -->\n<title>Blog - K\u00f6virig\u00f3 Csal\u00e1di Birtok<\/title>\n<meta name=\"description\" content=\"Ismerj\u00e9tek meg bloggcikkeinken kereszt\u00fcl K\u00f6virig\u00f3 \u00e9s csal\u00e1dunk t\u00f6rt\u00e9net\u00e9t!\" \/>\n<meta name=\"robots\" content=\"index, follow, max-snippet:-1, max-image-preview:large, max-video-preview:-1\" \/>\n<link rel=\"canonical\" href=\"https:\/\/kovirigo.hu\/en\/blog\/\" \/>\n<meta property=\"og:locale\" content=\"en_US\" \/>\n<meta property=\"og:type\" content=\"article\" \/>\n<meta property=\"og:title\" content=\"K\u00f6virig\u00f3 Blog\" \/>\n<meta property=\"og:description\" content=\"Ismerj\u00e9tek meg bloggcikkeinken kereszt\u00fcl K\u00f6virig\u00f3 \u00e9s csal\u00e1dunk t\u00f6rt\u00e9net\u00e9t!\" \/>\n<meta property=\"og:url\" content=\"https:\/\/kovirigo.hu\/en\/blog\/\" \/>\n<meta property=\"og:site_name\" content=\"K\u00f6virig\u00f3 Csal\u00e1di Birtok\" \/>\n<meta property=\"article:modified_time\" content=\"2025-02-07T11:36:03+00:00\" \/>\n<meta property=\"og:image\" content=\"https:\/\/kovirigo.hu\/wp-content\/uploads\/2024\/06\/Iza_Gyulakeszi-48064-Edit.jpg\" \/>\n<meta name=\"twitter:card\" content=\"summary_large_image\" \/>\n<meta name=\"twitter:title\" content=\"Blog\" \/>\n<meta name=\"twitter:label1\" content=\"Est. reading time\" \/>\n\t<meta name=\"twitter:data1\" content=\"3 minutes\" \/>\n<script type=\"application\/ld+json\" class=\"yoast-schema-graph\">{\"@context\":\"https:\/\/schema.org\",\"@graph\":[{\"@type\":\"WebPage\",\"@id\":\"https:\/\/kovirigo.hu\/en\/blog\/\",\"url\":\"https:\/\/kovirigo.hu\/en\/blog\/\",\"name\":\"Blog - K\u00f6virig\u00f3 Csal\u00e1di Birtok\",\"isPartOf\":{\"@id\":\"https:\/\/kovirigo.hu\/en\/#website\"},\"primaryImageOfPage\":{\"@id\":\"https:\/\/kovirigo.hu\/en\/blog\/#primaryimage\"},\"image\":{\"@id\":\"https:\/\/kovirigo.hu\/en\/blog\/#primaryimage\"},\"thumbnailUrl\":\"https:\/\/kovirigo.hu\/wp-content\/uploads\/2024\/05\/ress-attila-scaled.jpg\",\"datePublished\":\"2024-05-12T18:22:51+00:00\",\"dateModified\":\"2025-02-07T11:36:03+00:00\",\"description\":\"Ismerj\u00e9tek meg bloggcikkeinken kereszt\u00fcl K\u00f6virig\u00f3 \u00e9s csal\u00e1dunk t\u00f6rt\u00e9net\u00e9t!\",\"breadcrumb\":{\"@id\":\"https:\/\/kovirigo.hu\/en\/blog\/#breadcrumb\"},\"inLanguage\":\"en-US\",\"potentialAction\":[{\"@type\":\"ReadAction\",\"target\":[\"https:\/\/kovirigo.hu\/en\/blog\/\"]}]},{\"@type\":\"ImageObject\",\"inLanguage\":\"en-US\",\"@id\":\"https:\/\/kovirigo.hu\/en\/blog\/#primaryimage\",\"url\":\"https:\/\/kovirigo.hu\/wp-content\/uploads\/2024\/05\/ress-attila-scaled.jpg\",\"contentUrl\":\"https:\/\/kovirigo.hu\/wp-content\/uploads\/2024\/05\/ress-attila-scaled.jpg\",\"width\":2560,\"height\":1707},{\"@type\":\"BreadcrumbList\",\"@id\":\"https:\/\/kovirigo.hu\/en\/blog\/#breadcrumb\",\"itemListElement\":[{\"@type\":\"ListItem\",\"position\":1,\"name\":\"Home\",\"item\":\"https:\/\/kovirigo.hu\/en\/\"},{\"@type\":\"ListItem\",\"position\":2,\"name\":\"Blog\"}]},{\"@type\":\"WebSite\",\"@id\":\"https:\/\/kovirigo.hu\/en\/#website\",\"url\":\"https:\/\/kovirigo.hu\/en\/\",\"name\":\"K\u00f6virig\u00f3 Csal\u00e1di Birtok\",\"description\":\"Priv\u00e1t vend\u00e9gh\u00e1z 10+ f\u0151s t\u00e1rsas\u00e1goknak\",\"publisher\":{\"@id\":\"https:\/\/kovirigo.hu\/en\/#organization\"},\"potentialAction\":[{\"@type\":\"SearchAction\",\"target\":{\"@type\":\"EntryPoint\",\"urlTemplate\":\"https:\/\/kovirigo.hu\/en\/?s={search_term_string}\"},\"query-input\":{\"@type\":\"PropertyValueSpecification\",\"valueRequired\":true,\"valueName\":\"search_term_string\"}}],\"inLanguage\":\"en-US\"},{\"@type\":\"Organization\",\"@id\":\"https:\/\/kovirigo.hu\/en\/#organization\",\"name\":\"K\u00f6virig\u00f3 Csal\u00e1di Birtok\",\"url\":\"https:\/\/kovirigo.hu\/en\/\",\"logo\":{\"@type\":\"ImageObject\",\"inLanguage\":\"en-US\",\"@id\":\"https:\/\/kovirigo.hu\/en\/#\/schema\/logo\/image\/\",\"url\":\"https:\/\/kovirigo.hu\/wp-content\/uploads\/2024\/07\/cropped-favicon.jpg\",\"contentUrl\":\"https:\/\/kovirigo.hu\/wp-content\/uploads\/2024\/07\/cropped-favicon.jpg\",\"width\":512,\"height\":512,\"caption\":\"K\u00f6virig\u00f3 Csal\u00e1di Birtok\"},\"image\":{\"@id\":\"https:\/\/kovirigo.hu\/en\/#\/schema\/logo\/image\/\"}}]}<\/script>\n<!-- \/ Yoast SEO Premium plugin. -->","yoast_head_json":{"title":"Blog - K\u00f6virig\u00f3 Csal\u00e1di Birtok","description":"Ismerj\u00e9tek meg bloggcikkeinken kereszt\u00fcl K\u00f6virig\u00f3 \u00e9s csal\u00e1dunk t\u00f6rt\u00e9net\u00e9t!","robots":{"index":"index","follow":"follow","max-snippet":"max-snippet:-1","max-image-preview":"max-image-preview:large","max-video-preview":"max-video-preview:-1"},"canonical":"https:\/\/kovirigo.hu\/en\/blog\/","og_locale":"en_US","og_type":"article","og_title":"K\u00f6virig\u00f3 Blog","og_description":"Ismerj\u00e9tek meg bloggcikkeinken kereszt\u00fcl K\u00f6virig\u00f3 \u00e9s csal\u00e1dunk t\u00f6rt\u00e9net\u00e9t!","og_url":"https:\/\/kovirigo.hu\/en\/blog\/","og_site_name":"K\u00f6virig\u00f3 Csal\u00e1di Birtok","article_modified_time":"2025-02-07T11:36:03+00:00","og_image":[{"url":"https:\/\/kovirigo.hu\/wp-content\/uploads\/2024\/06\/Iza_Gyulakeszi-48064-Edit.jpg","type":"","width":"","height":""}],"twitter_card":"summary_large_image","twitter_title":"Blog","twitter_misc":{"Est. reading time":"3 minutes"},"schema":{"@context":"https:\/\/schema.org","@graph":[{"@type":"WebPage","@id":"https:\/\/kovirigo.hu\/en\/blog\/","url":"https:\/\/kovirigo.hu\/en\/blog\/","name":"Blog - K\u00f6virig\u00f3 Csal\u00e1di Birtok","isPartOf":{"@id":"https:\/\/kovirigo.hu\/en\/#website"},"primaryImageOfPage":{"@id":"https:\/\/kovirigo.hu\/en\/blog\/#primaryimage"},"image":{"@id":"https:\/\/kovirigo.hu\/en\/blog\/#primaryimage"},"thumbnailUrl":"https:\/\/kovirigo.hu\/wp-content\/uploads\/2024\/05\/ress-attila-scaled.jpg","datePublished":"2024-05-12T18:22:51+00:00","dateModified":"2025-02-07T11:36:03+00:00","description":"Ismerj\u00e9tek meg bloggcikkeinken kereszt\u00fcl K\u00f6virig\u00f3 \u00e9s csal\u00e1dunk t\u00f6rt\u00e9net\u00e9t!","breadcrumb":{"@id":"https:\/\/kovirigo.hu\/en\/blog\/#breadcrumb"},"inLanguage":"en-US","potentialAction":[{"@type":"ReadAction","target":["https:\/\/kovirigo.hu\/en\/blog\/"]}]},{"@type":"ImageObject","inLanguage":"en-US","@id":"https:\/\/kovirigo.hu\/en\/blog\/#primaryimage","url":"https:\/\/kovirigo.hu\/wp-content\/uploads\/2024\/05\/ress-attila-scaled.jpg","contentUrl":"https:\/\/kovirigo.hu\/wp-content\/uploads\/2024\/05\/ress-attila-scaled.jpg","width":2560,"height":1707},{"@type":"BreadcrumbList","@id":"https:\/\/kovirigo.hu\/en\/blog\/#breadcrumb","itemListElement":[{"@type":"ListItem","position":1,"name":"Home","item":"https:\/\/kovirigo.hu\/en\/"},{"@type":"ListItem","position":2,"name":"Blog"}]},{"@type":"WebSite","@id":"https:\/\/kovirigo.hu\/en\/#website","url":"https:\/\/kovirigo.hu\/en\/","name":"K\u00f6virig\u00f3 Csal\u00e1di Birtok","description":"Priv\u00e1t vend\u00e9gh\u00e1z 10+ f\u0151s t\u00e1rsas\u00e1goknak","publisher":{"@id":"https:\/\/kovirigo.hu\/en\/#organization"},"potentialAction":[{"@type":"SearchAction","target":{"@type":"EntryPoint","urlTemplate":"https:\/\/kovirigo.hu\/en\/?s={search_term_string}"},"query-input":{"@type":"PropertyValueSpecification","valueRequired":true,"valueName":"search_term_string"}}],"inLanguage":"en-US"},{"@type":"Organization","@id":"https:\/\/kovirigo.hu\/en\/#organization","name":"K\u00f6virig\u00f3 Csal\u00e1di Birtok","url":"https:\/\/kovirigo.hu\/en\/","logo":{"@type":"ImageObject","inLanguage":"en-US","@id":"https:\/\/kovirigo.hu\/en\/#\/schema\/logo\/image\/","url":"https:\/\/kovirigo.hu\/wp-content\/uploads\/2024\/07\/cropped-favicon.jpg","contentUrl":"https:\/\/kovirigo.hu\/wp-content\/uploads\/2024\/07\/cropped-favicon.jpg","width":512,"height":512,"caption":"K\u00f6virig\u00f3 Csal\u00e1di Birtok"},"image":{"@id":"https:\/\/kovirigo.hu\/en\/#\/schema\/logo\/image\/"}}]}},"_links":{"self":[{"href":"https:\/\/kovirigo.hu\/en\/wp-json\/wp\/v2\/pages\/1850","targetHints":{"allow":["GET"]}}],"collection":[{"href":"https:\/\/kovirigo.hu\/en\/wp-json\/wp\/v2\/pages"}],"about":[{"href":"https:\/\/kovirigo.hu\/en\/wp-json\/wp\/v2\/types\/page"}],"author":[{"embeddable":true,"href":"https:\/\/kovirigo.hu\/en\/wp-json\/wp\/v2\/users\/1"}],"replies":[{"embeddable":true,"href":"https:\/\/kovirigo.hu\/en\/wp-json\/wp\/v2\/comments?post=1850"}],"version-history":[{"count":3,"href":"https:\/\/kovirigo.hu\/en\/wp-json\/wp\/v2\/pages\/1850\/revisions"}],"predecessor-version":[{"id":1972,"href":"https:\/\/kovirigo.hu\/en\/wp-json\/wp\/v2\/pages\/1850\/revisions\/1972"}],"wp:featuredmedia":[{"embeddable":true,"href":"https:\/\/kovirigo.hu\/en\/wp-json\/wp\/v2\/media\/1401"}],"wp:attachment":[{"href":"https:\/\/kovirigo.hu\/en\/wp-json\/wp\/v2\/media?parent=1850"}],"curies":[{"name":"wp","href":"https:\/\/api.w.org\/{rel}","templated":true}]}}