{"id":1856,"date":"2024-05-24T08:25:42","date_gmt":"2024-05-24T08:25:42","guid":{"rendered":"https:\/\/kovirigo.hu\/cookie-policy\/"},"modified":"2025-02-05T18:28:48","modified_gmt":"2025-02-05T18:28:48","slug":"cookie-policy","status":"publish","type":"page","link":"https:\/\/kovirigo.hu\/en\/cookie-policy\/","title":{"rendered":"Cookie Policy"},"content":{"rendered":"<p>[et_pb_section fb_built=&#8221;1&#8243; theme_builder_area=&#8221;post_content&#8221; _builder_version=&#8221;4.25.2&#8243; _module_preset=&#8221;default&#8221;][et_pb_row _builder_version=&#8221;4.25.2&#8243; _module_preset=&#8221;default&#8221; theme_builder_area=&#8221;post_content&#8221;][et_pb_column _builder_version=&#8221;4.25.2&#8243; _module_preset=&#8221;default&#8221; type=&#8221;4_4&#8243; theme_builder_area=&#8221;post_content&#8221;][et_pb_text _builder_version=&#8221;4.25.2&#8243; _module_preset=&#8221;default&#8221; theme_builder_area=&#8221;post_content&#8221; hover_enabled=&#8221;0&#8243; sticky_enabled=&#8221;0&#8243;]<\/p>\n<style>\n    a.cky-banner-element {\n        padding: 8px 30px;\n        background: #F8F9FA;\n        color: #858A8F;\n        border: 1px solid #DEE2E6;\n        box-sizing: border-box;\n        border-radius: 2px;\n        cursor: pointer;\n}\n<\/style>\n<h1 class=\"cookie-policy-h1\">Cookie Policy<\/h1>\n<p>\n Hat\u00e1lyos: 28-Feb-2024 <br \/>Utolj\u00e1ra friss\u00edtve: 28-Feb-2024\n<\/p>\n<p>&nbsp;<\/p>\n<h5>Mi is az a s\u00fcti?<\/h5>\n<div class=\"cookie-policy-p\">\n<p>Ez a S\u00fctikezel\u00e9si Ir\u00e1nyelv magyar\u00e1zza, hogy mi is az a s\u00fcti, \u00e9s hogyan haszn\u00e1ljuk azt, milyen t\u00edpus\u00fa s\u00fctiket haszn\u00e1lunk, azaz milyen inform\u00e1ci\u00f3kat gy\u0171jt\u00fcnk s\u00fctik seg\u00edts\u00e9g\u00e9vel, valamint hogy ezeket az inform\u00e1ci\u00f3kat hogyan haszn\u00e1ljuk fel, \u00e9s hogyan lehet kezelni a s\u00fcti be\u00e1ll\u00edt\u00e1sokat. A s\u00fctik kis sz\u00f6vegf\u00e1jlok, amelyek kis inform\u00e1ci\u00f3darabokat t\u00e1rolnak. Azokat az eszk\u00f6z\u00f6n t\u00e1roljuk, amikor a webhelyet bet\u00f6ltik a b\u00f6ng\u00e9sz\u0151ben. Ezek a s\u00fctik seg\u00edtenek nek\u00fcnk abban, hogy a webhely megfelel\u0151en m\u0171k\u00f6dj\u00f6n, biztons\u00e1gosabb\u00e1 tegy\u00fck, jobb felhaszn\u00e1l\u00f3i \u00e9lm\u00e9nyt ny\u00fajtsunk, \u00e9s meg\u00e9rts\u00fck, hogy a webhely hogyan teljes\u00edt, valamint hogy mit\u0151l m\u0171k\u00f6dik \u00e9s hol van sz\u00fcks\u00e9g fejleszt\u00e9sre.   <\/p>\n<\/div>\n<p>&nbsp;<\/p>\n<h5>Hogyan haszn\u00e1ljuk a s\u00fctiket?<\/h5>\n<div class=\"cookie-policy-p\">\n<p>Ahogy a legt\u00f6bb online szolg\u00e1ltat\u00e1s, webhely\u00fcnk is els\u0151 \u00e9s harmadik f\u00e9lt\u0151l sz\u00e1rmaz\u00f3 s\u00fctiket haszn\u00e1l k\u00fcl\u00f6nf\u00e9le c\u00e9lokra. Az els\u0151 f\u00e9lt\u0151l sz\u00e1rmaz\u00f3 s\u00fctik legink\u00e1bb az\u00e9rt sz\u00fcks\u00e9gesek, hogy a webhely a megfelel\u0151 m\u00f3don m\u0171k\u00f6dj\u00f6n, \u00e9s nem gy\u0171jtenek be semmilyen azonos\u00edthat\u00f3 szem\u00e9lyes adatot. <\/p>\n<p>A webhely\u00fcnk\u00f6n haszn\u00e1lt harmadik f\u00e9lt\u0151l sz\u00e1rmaz\u00f3 s\u00fctik f\u0151k\u00e9nt arra szolg\u00e1lnak, hogy meg\u00e9rts\u00fck, hogyan teljes\u00edt a webhely, hogyan haszn\u00e1lod a webhely\u00fcnket, hogyan tarthatjuk biztons\u00e1gban szolg\u00e1ltat\u00e1sainkat, hogyan ny\u00fajthatunk olyan hirdet\u00e9seket, amelyek relev\u00e1nsak sz\u00e1modra, \u00e9s \u00f6sszess\u00e9g\u00e9ben hogyan ny\u00fajthatunk neked jobb \u00e9s javult felhaszn\u00e1l\u00f3i \u00e9lm\u00e9nyt, valamint hogyan seg\u00edthet\u00fcnk felgyors\u00edtani a j\u00f6v\u0151beli interakci\u00f3idat a webhely\u00fcnkkel.<\/p>\n<\/div>\n<p>&nbsp;<\/p>\n<div class=\"cky-audit-table-element\"><\/div>\n<p>&nbsp;<\/p>\n<h5 style=\"margin-bottom:20px;\">S\u00fcti be\u00e1ll\u00edt\u00e1sok kezel\u00e9se<\/h5>\n<p>    <a class=\"cky-banner-element\">S\u00fcti be\u00e1ll\u00edt\u00e1sok<\/a> <\/p>\n<div>\n<p>B\u00e1rmikor megv\u00e1ltoztathatod a s\u00fcti be\u00e1ll\u00edt\u00e1saidat a fentebb tal\u00e1lhat\u00f3 gomb megnyom\u00e1s\u00e1val. Ez lehet\u0151v\u00e9 teszi sz\u00e1modra, hogy \u00fajra megl\u00e1togasd a s\u00fctikezel\u00e9si hozz\u00e1j\u00e1rul\u00e1si banner-t, \u00e9s megv\u00e1ltoztasd a be\u00e1ll\u00edt\u00e1saidat vagy azonnal visszavond az enged\u00e9lyedet. <\/p>\n<p>Ezen fel\u00fcl, a k\u00fcl\u00f6nb\u00f6z\u0151 b\u00f6ng\u00e9sz\u0151k k\u00fcl\u00f6nb\u00f6z\u0151 m\u00f3dszereket biztos\u00edtanak a webhelyek \u00e1ltal haszn\u00e1lt s\u00fctik blokkol\u00e1s\u00e1ra \u00e9s t\u00f6rl\u00e9s\u00e9re. Megv\u00e1ltoztathatod a b\u00f6ng\u00e9sz\u0151d be\u00e1ll\u00edt\u00e1sait a s\u00fctik blokkol\u00e1s\u00e1ra\/t\u00f6rl\u00e9s\u00e9re. Az al\u00e1bbiakban tal\u00e1lod a f\u0151bb webb\u00f6ng\u00e9sz\u0151kb\u0151l a s\u00fctik kezel\u00e9s\u00e9re \u00e9s t\u00f6rl\u00e9s\u00e9re vonatkoz\u00f3 t\u00e1mogat\u00e1si dokumentumokra mutat\u00f3 linkeket.  <\/p>\n<p>Chrome: <a href=\"https:\/\/support.google.com\/accounts\/answer\/32050\" target=\"_blank\" rel=\"noopener\">https:\/\/support.google.com\/accounts\/answer\/32050<\/a><\/p>\n<p>Safari: <a href=\"https:\/\/support.apple.com\/en-in\/guide\/safari\/sfri11471\/mac\" target=\"_blank\" rel=\"noopener\">https:\/\/support.apple.com\/en-in\/guide\/safari\/sfri11471\/mac<\/a><\/p>\n<p>Firefox: <a href=\"https:\/\/support.mozilla.org\/en-US\/kb\/clear-cookies-and-site-data-firefox?redirectslug=delete-cookies-remove-info-websites-stored&amp;redirectlocale=en-US\" target=\"_blank\" rel=\"noopener\">https:\/\/support.mozilla.org\/en-US\/kb\/clear-cookies-and-site-data-firefox?redirectslug=delete-cookies-remove-info-websites-stored&amp;redirectlocale=en-US<\/a><\/p>\n<p>Internet Explorer: <a href=\"https:\/\/support.microsoft.com\/en-us\/topic\/how-to-delete-cookie-files-in-internet-explorer-bca9446f-d873-78de-77ba-d42645fa52fc\" target=\"_blank\" rel=\"noopener\">https:\/\/support.microsoft.com\/en-us\/topic\/how-to-delete-cookie-files-in-internet-explorer-bca9446f-d873-78de-77ba-d42645fa52fc<\/a><\/p>\n<p>Ha m\u00e1s webb\u00f6ng\u00e9sz\u0151t haszn\u00e1lsz, k\u00e9rlek, l\u00e1togasd meg a b\u00f6ng\u00e9sz\u0151 hivatalos t\u00e1mogat\u00e1si dokumentumait.<\/p>\n<\/div>\n<p>&nbsp;<\/p>\n<p class=\"cookie-policy-p\">\n Cookie szab\u00e1lyzat gener\u00e1tor &#8211; <a target=\"_blank\" href=\"https:\/\/www.cookieyes.com\/?utm_source=CP&amp;utm_medium=footer&amp;utm_campaign=UW\" rel=\"noopener\">CookieYes &#8211; Cookie Policy Generator<\/a>.\n<\/p>\n<p>[\/et_pb_text][\/et_pb_column][\/et_pb_row][\/et_pb_section]<\/p>\n","protected":false},"excerpt":{"rendered":"<p>Cookie Policy Hat\u00e1lyos: 28-Feb-2024 Utolj\u00e1ra friss\u00edtve: 28-Feb-2024 &nbsp; Mi is az a s\u00fcti? Ez a S\u00fctikezel\u00e9si Ir\u00e1nyelv magyar\u00e1zza, hogy mi is az a s\u00fcti, \u00e9s hogyan haszn\u00e1ljuk azt, milyen t\u00edpus\u00fa s\u00fctiket haszn\u00e1lunk, azaz milyen inform\u00e1ci\u00f3kat gy\u0171jt\u00fcnk s\u00fctik seg\u00edts\u00e9g\u00e9vel, valamint hogy ezeket az inform\u00e1ci\u00f3kat hogyan haszn\u00e1ljuk fel, \u00e9s hogyan lehet kezelni a s\u00fcti be\u00e1ll\u00edt\u00e1sokat. A s\u00fctik kis sz\u00f6vegf\u00e1jlok, amelyek kis inform\u00e1ci\u00f3darabokat t\u00e1rolnak. Azokat az eszk\u00f6z\u00f6n t\u00e1roljuk, amikor a webhelyet bet\u00f6ltik a b\u00f6ng\u00e9sz\u0151ben. Ezek a s\u00fctik seg\u00edtenek nek\u00fcnk abban, hogy a webhely megfelel\u0151en m\u0171k\u00f6dj\u00f6n, biztons\u00e1gosabb\u00e1 tegy\u00fck, jobb felhaszn\u00e1l\u00f3i \u00e9lm\u00e9nyt ny\u00fajtsunk, \u00e9s meg\u00e9rts\u00fck, hogy a webhely hogyan teljes\u00edt, valamint hogy mit\u0151l m\u0171k\u00f6dik \u00e9s hol van sz\u00fcks\u00e9g fejleszt\u00e9sre. &nbsp; Hogyan haszn\u00e1ljuk a s\u00fctiket? Ahogy a legt\u00f6bb online szolg\u00e1ltat\u00e1s, webhely\u00fcnk is els\u0151 \u00e9s harmadik f\u00e9lt\u0151l sz\u00e1rmaz\u00f3 s\u00fctiket haszn\u00e1l k\u00fcl\u00f6nf\u00e9le c\u00e9lokra. Az els\u0151 f\u00e9lt\u0151l sz\u00e1rmaz\u00f3 s\u00fctik legink\u00e1bb az\u00e9rt sz\u00fcks\u00e9gesek, hogy a webhely a megfelel\u0151 m\u00f3don m\u0171k\u00f6dj\u00f6n, \u00e9s nem gy\u0171jtenek be semmilyen azonos\u00edthat\u00f3 szem\u00e9lyes adatot. A webhely\u00fcnk\u00f6n haszn\u00e1lt harmadik f\u00e9lt\u0151l sz\u00e1rmaz\u00f3 s\u00fctik f\u0151k\u00e9nt arra szolg\u00e1lnak, hogy meg\u00e9rts\u00fck, hogyan teljes\u00edt a webhely, hogyan haszn\u00e1lod a webhely\u00fcnket, hogyan tarthatjuk biztons\u00e1gban szolg\u00e1ltat\u00e1sainkat, hogyan ny\u00fajthatunk olyan hirdet\u00e9seket, amelyek relev\u00e1nsak sz\u00e1modra, \u00e9s \u00f6sszess\u00e9g\u00e9ben hogyan ny\u00fajthatunk neked jobb \u00e9s javult felhaszn\u00e1l\u00f3i \u00e9lm\u00e9nyt, valamint hogyan seg\u00edthet\u00fcnk felgyors\u00edtani a j\u00f6v\u0151beli interakci\u00f3idat a webhely\u00fcnkkel. &nbsp; &nbsp; [&hellip;]<\/p>\n","protected":false},"author":1,"featured_media":0,"parent":0,"menu_order":0,"comment_status":"closed","ping_status":"closed","template":"","meta":{"_et_pb_use_builder":"on","_et_pb_old_content":"","_et_gb_content_width":"","footnotes":""},"class_list":["post-1856","page","type-page","status-publish","hentry"],"yoast_head":"<!-- This site is optimized with the Yoast SEO Premium plugin v26.2 (Yoast SEO v27.0) - https:\/\/yoast.com\/product\/yoast-seo-premium-wordpress\/ -->\n<title>Cookie Policy - K\u00f6virig\u00f3 Csal\u00e1di Birtok<\/title>\n<meta name=\"description\" content=\"Egy 3,5 hekt\u00e1ros birtok egy nagy \u00e9s egy kisebb vend\u00e9gh\u00e1zzal a Balaton-Felvid\u00e9ken, utca \u00e9s h\u00e1zsz\u00e1m n\u00e9lk\u00fcl, a tan\u00fahegyek \u00f6lel\u00e9s\u00e9ben.\" \/>\n<meta name=\"robots\" content=\"index, follow, max-snippet:-1, max-image-preview:large, max-video-preview:-1\" \/>\n<link rel=\"canonical\" href=\"https:\/\/kovirigo.hu\/en\/cookie-policy\/\" \/>\n<meta property=\"og:locale\" content=\"en_US\" \/>\n<meta property=\"og:type\" content=\"article\" \/>\n<meta property=\"og:title\" content=\"Cookie Policy\" \/>\n<meta property=\"og:description\" content=\"Egy 3,5 hekt\u00e1ros birtok egy nagy \u00e9s egy kisebb vend\u00e9gh\u00e1zzal a Balaton-Felvid\u00e9ken, utca \u00e9s h\u00e1zsz\u00e1m n\u00e9lk\u00fcl, a tan\u00fahegyek \u00f6lel\u00e9s\u00e9ben.\" \/>\n<meta property=\"og:url\" content=\"https:\/\/kovirigo.hu\/en\/cookie-policy\/\" \/>\n<meta property=\"og:site_name\" content=\"K\u00f6virig\u00f3 Csal\u00e1di Birtok\" \/>\n<meta property=\"article:modified_time\" content=\"2025-02-05T18:28:48+00:00\" \/>\n<meta property=\"og:image\" content=\"https:\/\/kovirigo.hu\/wp-content\/uploads\/2024\/05\/slide-2-scaled.jpg\" \/>\n\t<meta property=\"og:image:width\" content=\"2560\" \/>\n\t<meta property=\"og:image:height\" content=\"1709\" \/>\n\t<meta property=\"og:image:type\" content=\"image\/jpeg\" \/>\n<meta name=\"twitter:card\" content=\"summary_large_image\" \/>\n<meta name=\"twitter:label1\" content=\"Est. reading time\" \/>\n\t<meta name=\"twitter:data1\" content=\"3 minutes\" \/>\n<script type=\"application\/ld+json\" class=\"yoast-schema-graph\">{\"@context\":\"https:\/\/schema.org\",\"@graph\":[{\"@type\":\"WebPage\",\"@id\":\"https:\/\/kovirigo.hu\/en\/cookie-policy\/\",\"url\":\"https:\/\/kovirigo.hu\/en\/cookie-policy\/\",\"name\":\"Cookie Policy - K\u00f6virig\u00f3 Csal\u00e1di Birtok\",\"isPartOf\":{\"@id\":\"https:\/\/kovirigo.hu\/en\/#website\"},\"datePublished\":\"2024-05-24T08:25:42+00:00\",\"dateModified\":\"2025-02-05T18:28:48+00:00\",\"description\":\"Egy 3,5 hekt\u00e1ros birtok egy nagy \u00e9s egy kisebb vend\u00e9gh\u00e1zzal a Balaton-Felvid\u00e9ken, utca \u00e9s h\u00e1zsz\u00e1m n\u00e9lk\u00fcl, a tan\u00fahegyek \u00f6lel\u00e9s\u00e9ben.\",\"breadcrumb\":{\"@id\":\"https:\/\/kovirigo.hu\/en\/cookie-policy\/#breadcrumb\"},\"inLanguage\":\"en-US\",\"potentialAction\":[{\"@type\":\"ReadAction\",\"target\":[\"https:\/\/kovirigo.hu\/en\/cookie-policy\/\"]}]},{\"@type\":\"BreadcrumbList\",\"@id\":\"https:\/\/kovirigo.hu\/en\/cookie-policy\/#breadcrumb\",\"itemListElement\":[{\"@type\":\"ListItem\",\"position\":1,\"name\":\"Home\",\"item\":\"https:\/\/kovirigo.hu\/en\/\"},{\"@type\":\"ListItem\",\"position\":2,\"name\":\"Cookie Policy\"}]},{\"@type\":\"WebSite\",\"@id\":\"https:\/\/kovirigo.hu\/en\/#website\",\"url\":\"https:\/\/kovirigo.hu\/en\/\",\"name\":\"K\u00f6virig\u00f3 Csal\u00e1di Birtok\",\"description\":\"Priv\u00e1t vend\u00e9gh\u00e1z 10+ f\u0151s t\u00e1rsas\u00e1goknak\",\"publisher\":{\"@id\":\"https:\/\/kovirigo.hu\/en\/#organization\"},\"potentialAction\":[{\"@type\":\"SearchAction\",\"target\":{\"@type\":\"EntryPoint\",\"urlTemplate\":\"https:\/\/kovirigo.hu\/en\/?s={search_term_string}\"},\"query-input\":{\"@type\":\"PropertyValueSpecification\",\"valueRequired\":true,\"valueName\":\"search_term_string\"}}],\"inLanguage\":\"en-US\"},{\"@type\":\"Organization\",\"@id\":\"https:\/\/kovirigo.hu\/en\/#organization\",\"name\":\"K\u00f6virig\u00f3 Csal\u00e1di Birtok\",\"url\":\"https:\/\/kovirigo.hu\/en\/\",\"logo\":{\"@type\":\"ImageObject\",\"inLanguage\":\"en-US\",\"@id\":\"https:\/\/kovirigo.hu\/en\/#\/schema\/logo\/image\/\",\"url\":\"https:\/\/kovirigo.hu\/wp-content\/uploads\/2024\/07\/cropped-favicon.jpg\",\"contentUrl\":\"https:\/\/kovirigo.hu\/wp-content\/uploads\/2024\/07\/cropped-favicon.jpg\",\"width\":512,\"height\":512,\"caption\":\"K\u00f6virig\u00f3 Csal\u00e1di Birtok\"},\"image\":{\"@id\":\"https:\/\/kovirigo.hu\/en\/#\/schema\/logo\/image\/\"}}]}<\/script>\n<!-- \/ Yoast SEO Premium plugin. -->","yoast_head_json":{"title":"Cookie Policy - K\u00f6virig\u00f3 Csal\u00e1di Birtok","description":"Egy 3,5 hekt\u00e1ros birtok egy nagy \u00e9s egy kisebb vend\u00e9gh\u00e1zzal a Balaton-Felvid\u00e9ken, utca \u00e9s h\u00e1zsz\u00e1m n\u00e9lk\u00fcl, a tan\u00fahegyek \u00f6lel\u00e9s\u00e9ben.","robots":{"index":"index","follow":"follow","max-snippet":"max-snippet:-1","max-image-preview":"max-image-preview:large","max-video-preview":"max-video-preview:-1"},"canonical":"https:\/\/kovirigo.hu\/en\/cookie-policy\/","og_locale":"en_US","og_type":"article","og_title":"Cookie Policy","og_description":"Egy 3,5 hekt\u00e1ros birtok egy nagy \u00e9s egy kisebb vend\u00e9gh\u00e1zzal a Balaton-Felvid\u00e9ken, utca \u00e9s h\u00e1zsz\u00e1m n\u00e9lk\u00fcl, a tan\u00fahegyek \u00f6lel\u00e9s\u00e9ben.","og_url":"https:\/\/kovirigo.hu\/en\/cookie-policy\/","og_site_name":"K\u00f6virig\u00f3 Csal\u00e1di Birtok","article_modified_time":"2025-02-05T18:28:48+00:00","og_image":[{"width":2560,"height":1709,"url":"https:\/\/kovirigo.hu\/wp-content\/uploads\/2024\/05\/slide-2-scaled.jpg","type":"image\/jpeg"}],"twitter_card":"summary_large_image","twitter_misc":{"Est. reading time":"3 minutes"},"schema":{"@context":"https:\/\/schema.org","@graph":[{"@type":"WebPage","@id":"https:\/\/kovirigo.hu\/en\/cookie-policy\/","url":"https:\/\/kovirigo.hu\/en\/cookie-policy\/","name":"Cookie Policy - K\u00f6virig\u00f3 Csal\u00e1di Birtok","isPartOf":{"@id":"https:\/\/kovirigo.hu\/en\/#website"},"datePublished":"2024-05-24T08:25:42+00:00","dateModified":"2025-02-05T18:28:48+00:00","description":"Egy 3,5 hekt\u00e1ros birtok egy nagy \u00e9s egy kisebb vend\u00e9gh\u00e1zzal a Balaton-Felvid\u00e9ken, utca \u00e9s h\u00e1zsz\u00e1m n\u00e9lk\u00fcl, a tan\u00fahegyek \u00f6lel\u00e9s\u00e9ben.","breadcrumb":{"@id":"https:\/\/kovirigo.hu\/en\/cookie-policy\/#breadcrumb"},"inLanguage":"en-US","potentialAction":[{"@type":"ReadAction","target":["https:\/\/kovirigo.hu\/en\/cookie-policy\/"]}]},{"@type":"BreadcrumbList","@id":"https:\/\/kovirigo.hu\/en\/cookie-policy\/#breadcrumb","itemListElement":[{"@type":"ListItem","position":1,"name":"Home","item":"https:\/\/kovirigo.hu\/en\/"},{"@type":"ListItem","position":2,"name":"Cookie Policy"}]},{"@type":"WebSite","@id":"https:\/\/kovirigo.hu\/en\/#website","url":"https:\/\/kovirigo.hu\/en\/","name":"K\u00f6virig\u00f3 Csal\u00e1di Birtok","description":"Priv\u00e1t vend\u00e9gh\u00e1z 10+ f\u0151s t\u00e1rsas\u00e1goknak","publisher":{"@id":"https:\/\/kovirigo.hu\/en\/#organization"},"potentialAction":[{"@type":"SearchAction","target":{"@type":"EntryPoint","urlTemplate":"https:\/\/kovirigo.hu\/en\/?s={search_term_string}"},"query-input":{"@type":"PropertyValueSpecification","valueRequired":true,"valueName":"search_term_string"}}],"inLanguage":"en-US"},{"@type":"Organization","@id":"https:\/\/kovirigo.hu\/en\/#organization","name":"K\u00f6virig\u00f3 Csal\u00e1di Birtok","url":"https:\/\/kovirigo.hu\/en\/","logo":{"@type":"ImageObject","inLanguage":"en-US","@id":"https:\/\/kovirigo.hu\/en\/#\/schema\/logo\/image\/","url":"https:\/\/kovirigo.hu\/wp-content\/uploads\/2024\/07\/cropped-favicon.jpg","contentUrl":"https:\/\/kovirigo.hu\/wp-content\/uploads\/2024\/07\/cropped-favicon.jpg","width":512,"height":512,"caption":"K\u00f6virig\u00f3 Csal\u00e1di Birtok"},"image":{"@id":"https:\/\/kovirigo.hu\/en\/#\/schema\/logo\/image\/"}}]}},"_links":{"self":[{"href":"https:\/\/kovirigo.hu\/en\/wp-json\/wp\/v2\/pages\/1856","targetHints":{"allow":["GET"]}}],"collection":[{"href":"https:\/\/kovirigo.hu\/en\/wp-json\/wp\/v2\/pages"}],"about":[{"href":"https:\/\/kovirigo.hu\/en\/wp-json\/wp\/v2\/types\/page"}],"author":[{"embeddable":true,"href":"https:\/\/kovirigo.hu\/en\/wp-json\/wp\/v2\/users\/1"}],"replies":[{"embeddable":true,"href":"https:\/\/kovirigo.hu\/en\/wp-json\/wp\/v2\/comments?post=1856"}],"version-history":[{"count":2,"href":"https:\/\/kovirigo.hu\/en\/wp-json\/wp\/v2\/pages\/1856\/revisions"}],"predecessor-version":[{"id":1858,"href":"https:\/\/kovirigo.hu\/en\/wp-json\/wp\/v2\/pages\/1856\/revisions\/1858"}],"wp:attachment":[{"href":"https:\/\/kovirigo.hu\/en\/wp-json\/wp\/v2\/media?parent=1856"}],"curies":[{"name":"wp","href":"https:\/\/api.w.org\/{rel}","templated":true}]}}